{"id":11,"date":"2016-09-23T22:04:00","date_gmt":"2016-09-23T20:04:00","guid":{"rendered":"http:\/\/localhost\/wp-osteo\/?page_id=11"},"modified":"2017-11-29T11:22:23","modified_gmt":"2017-11-29T10:22:23","slug":"kosten","status":"publish","type":"page","link":"https:\/\/physio-osteo-sport.de\/?page_id=11","title":{"rendered":"Kosten"},"content":{"rendered":"<h3><strong>Was kostet Osteopathie?<\/strong><\/h3>\n<p>Nach den Richtlinien der Osteopathieverb\u00e4nde (VOD e.V.) kostet eine Behandlung zwischen 60 und 120 Euro.<br \/>\nDie Rechnung wird privat oder nach der Geb\u00fchrenordnung der Heilpraktiker (GeB\u00fcH) als  Heilpraktikerleistung in Rechnung gestellt. In der Regel \u00fcbernehmen die Privatkassen die Kosten der Behandlung.<br \/>\nUm meinen aktuellen Preis zu erfahren bitten wir Sie uns gerne unter<br \/>\n06056\/40 29 920 anzurufen.<\/p>\n<p style=\"text-align: center;\">Mein Eintrag als Osteopathin finden Sie unter:<br \/>\n<a href=\"http:\/\/www.osteopathie.de\/service-therapeutenliste\">http:\/\/www.osteopathie.de\/service-therapeutenliste<\/a><\/p>\n<h4><strong>Kosten\u00fcbernahme der gesetzlichen Krankenkasse<\/strong><\/h4>\n<p>Mittlerweile gibt es viele Krankenkassen, die eine hohe anteilige Kosten\u00fcbernahme f\u00fcr die osteopathischen Behandlungen anbieten.<\/p>\n<p style=\"text-align: center;\">Die akutelle Liste der Krankenkassen finden Sie unter<br \/>\n<a href=\"http:\/\/www.osteopathie.de\/service-krankenkassenliste\">http:\/\/www.osteopathie.de\/service-krankenkassenliste<\/a><\/p>\n<p>&nbsp;<\/p>\n<p>&nbsp;<\/p>\n","protected":false},"excerpt":{"rendered":"<p>Was kostet Osteopathie? Nach den Richtlinien der Osteopathieverb\u00e4nde (VOD e.V.) kostet eine Behandlung zwischen 60 und 120 Euro. Die Rechnung wird privat oder nach der Geb\u00fchrenordnung der Heilpraktiker (GeB\u00fcH) als Heilpraktikerleistung in Rechnung gestellt. In der Regel \u00fcbernehmen die Privatkassen die Kosten der Behandlung. Um meinen aktuellen Preis zu erfahren bitten wir Sie uns gerne [&hellip;]<\/p>\n","protected":false},"author":1,"featured_media":0,"parent":5,"menu_order":0,"comment_status":"closed","ping_status":"closed","template":"","meta":{"footnotes":""},"class_list":["post-11","page","type-page","status-publish","hentry"],"_links":{"self":[{"href":"https:\/\/physio-osteo-sport.de\/index.php?rest_route=\/wp\/v2\/pages\/11","targetHints":{"allow":["GET"]}}],"collection":[{"href":"https:\/\/physio-osteo-sport.de\/index.php?rest_route=\/wp\/v2\/pages"}],"about":[{"href":"https:\/\/physio-osteo-sport.de\/index.php?rest_route=\/wp\/v2\/types\/page"}],"author":[{"embeddable":true,"href":"https:\/\/physio-osteo-sport.de\/index.php?rest_route=\/wp\/v2\/users\/1"}],"replies":[{"embeddable":true,"href":"https:\/\/physio-osteo-sport.de\/index.php?rest_route=%2Fwp%2Fv2%2Fcomments&post=11"}],"version-history":[{"count":11,"href":"https:\/\/physio-osteo-sport.de\/index.php?rest_route=\/wp\/v2\/pages\/11\/revisions"}],"predecessor-version":[{"id":412,"href":"https:\/\/physio-osteo-sport.de\/index.php?rest_route=\/wp\/v2\/pages\/11\/revisions\/412"}],"up":[{"embeddable":true,"href":"https:\/\/physio-osteo-sport.de\/index.php?rest_route=\/wp\/v2\/pages\/5"}],"wp:attachment":[{"href":"https:\/\/physio-osteo-sport.de\/index.php?rest_route=%2Fwp%2Fv2%2Fmedia&parent=11"}],"curies":[{"name":"wp","href":"https:\/\/api.w.org\/{rel}","templated":true}]}}