{"id":13,"date":"2016-09-23T22:04:30","date_gmt":"2016-09-23T20:04:30","guid":{"rendered":"http:\/\/localhost\/wp-osteo\/?page_id=13"},"modified":"2017-01-01T13:58:01","modified_gmt":"2017-01-01T12:58:01","slug":"rechtliche-situation","status":"publish","type":"page","link":"https:\/\/physio-osteo-sport.de\/?page_id=13","title":{"rendered":"Rechtliche Situation"},"content":{"rendered":"<p>Auszug aus den Verbandsnachrichten des Verbandes der Osteopathen Deutschland (VOD):<br \/>\nIn Deutschland ist gegenw\u00e4rtig der Begriff Osteopath gesetzlich au\u00dferhalb Hessens  nicht gesch\u00fctzt und die Ausbildung gesetzlich nicht geregelt.<\/p>\n<p>Die Osteopathie gilt als Heilkunde und darf als solche nur vom Arzt oder Heilpraktiker eigenst\u00e4ndig ausge\u00fcbt werden.<br \/>\nGegenw\u00e4rtig ist dies nur \u00c4rzten und Heilpraktikern erlaubt. Osteopathisch ausgebildete Physiotherapeuten d\u00fcrfen hingegen nur im so genannten Delegationsverfahren, also auf Verordnung eines Arztes oder Heilpraktikers im Rahmen des T\u00e4tigkeitsbereichs Ihres Berufsbildes osteopathisch arbeiten.<\/p>\n","protected":false},"excerpt":{"rendered":"<p>Auszug aus den Verbandsnachrichten des Verbandes der Osteopathen Deutschland (VOD): In Deutschland ist gegenw\u00e4rtig der Begriff Osteopath gesetzlich au\u00dferhalb Hessens nicht gesch\u00fctzt und die Ausbildung gesetzlich nicht geregelt. Die Osteopathie gilt als Heilkunde und darf als solche nur vom Arzt oder Heilpraktiker eigenst\u00e4ndig ausge\u00fcbt werden. Gegenw\u00e4rtig ist dies nur \u00c4rzten und Heilpraktikern erlaubt. Osteopathisch ausgebildete [&hellip;]<\/p>\n","protected":false},"author":1,"featured_media":0,"parent":5,"menu_order":0,"comment_status":"closed","ping_status":"closed","template":"","meta":{"footnotes":""},"class_list":["post-13","page","type-page","status-publish","hentry"],"_links":{"self":[{"href":"https:\/\/physio-osteo-sport.de\/index.php?rest_route=\/wp\/v2\/pages\/13","targetHints":{"allow":["GET"]}}],"collection":[{"href":"https:\/\/physio-osteo-sport.de\/index.php?rest_route=\/wp\/v2\/pages"}],"about":[{"href":"https:\/\/physio-osteo-sport.de\/index.php?rest_route=\/wp\/v2\/types\/page"}],"author":[{"embeddable":true,"href":"https:\/\/physio-osteo-sport.de\/index.php?rest_route=\/wp\/v2\/users\/1"}],"replies":[{"embeddable":true,"href":"https:\/\/physio-osteo-sport.de\/index.php?rest_route=%2Fwp%2Fv2%2Fcomments&post=13"}],"version-history":[{"count":3,"href":"https:\/\/physio-osteo-sport.de\/index.php?rest_route=\/wp\/v2\/pages\/13\/revisions"}],"predecessor-version":[{"id":283,"href":"https:\/\/physio-osteo-sport.de\/index.php?rest_route=\/wp\/v2\/pages\/13\/revisions\/283"}],"up":[{"embeddable":true,"href":"https:\/\/physio-osteo-sport.de\/index.php?rest_route=\/wp\/v2\/pages\/5"}],"wp:attachment":[{"href":"https:\/\/physio-osteo-sport.de\/index.php?rest_route=%2Fwp%2Fv2%2Fmedia&parent=13"}],"curies":[{"name":"wp","href":"https:\/\/api.w.org\/{rel}","templated":true}]}}