{"id":17,"date":"2016-09-23T22:05:19","date_gmt":"2016-09-23T20:05:19","guid":{"rendered":"http:\/\/localhost\/wp-osteo\/?page_id=17"},"modified":"2017-12-12T11:12:12","modified_gmt":"2017-12-12T10:12:12","slug":"konzept","status":"publish","type":"page","link":"https:\/\/physio-osteo-sport.de\/?page_id=17","title":{"rendered":"Konzept"},"content":{"rendered":"<p>Unsere langj\u00e4hrige Erfahrung im Physiotherapie-, Sport- und Osteopathiebereich bietet individuelle und ganzheitliche Behandlungsmethoden, um Ihre Beschwerden gezielt beeinflussen zu k\u00f6nnen.<\/p>\n<p>Jede ganzheitliche Behandlung setzt eine allumfassende k\u00f6rperliche Untersuchung und eine gezielte Befragung des Verlaufes der Beschwerden voraus. Diese spezifischen Informationen erm\u00f6glichen uns, dass wir f\u00fcr Sie individuell ein Behandlungskonzept erstellen k\u00f6nnen.<br \/>\nDer Weg ist das Ziel- wir begleiten Sie gerne bis zu Ihrem Ziel.<br \/>\nChristiane, Hajo und Anja<\/p>\n<p><img loading=\"lazy\" decoding=\"async\" class=\"size-medium wp-image-428 aligncenter\" src=\"http:\/\/physio-osteo-sport.de\/wp-content\/uploads\/2017\/12\/P1050286-300x169.jpg\" alt=\"\" width=\"300\" height=\"169\" srcset=\"https:\/\/physio-osteo-sport.de\/wp-content\/uploads\/2017\/12\/P1050286-300x169.jpg 300w, https:\/\/physio-osteo-sport.de\/wp-content\/uploads\/2017\/12\/P1050286-768x433.jpg 768w, https:\/\/physio-osteo-sport.de\/wp-content\/uploads\/2017\/12\/P1050286-1024x577.jpg 1024w\" sizes=\"auto, (max-width: 300px) 100vw, 300px\" \/><\/p>\n<h4><strong>Ablauf der Behandlung<\/strong><\/h4>\n<p>Nach der ausf\u00fchrlichen Anamnese erfolgt die osteopathische Behandlung, in der sich der Ostopath zwischen 45 und 60 Minuten Zeit nimmt.<br \/>\nDie Anzahl und die H\u00e4ufigkeit der Behandlungen sind sehr individuell. Die Erfahrung zeigt, dass eine Linderung der Beschwerden nach 2-3 Behandlungen eintreten kann. Bei schon lang anhaltenden chronischen Beschwerden sind durchaus mehrere Behandlungen indiziert.<\/p>\n","protected":false},"excerpt":{"rendered":"<p>Unsere langj\u00e4hrige Erfahrung im Physiotherapie-, Sport- und Osteopathiebereich bietet individuelle und ganzheitliche Behandlungsmethoden, um Ihre Beschwerden gezielt beeinflussen zu k\u00f6nnen. Jede ganzheitliche Behandlung setzt eine allumfassende k\u00f6rperliche Untersuchung und eine gezielte Befragung des Verlaufes der Beschwerden voraus. Diese spezifischen Informationen erm\u00f6glichen uns, dass wir f\u00fcr Sie individuell ein Behandlungskonzept erstellen k\u00f6nnen. Der Weg ist das [&hellip;]<\/p>\n","protected":false},"author":1,"featured_media":0,"parent":0,"menu_order":0,"comment_status":"closed","ping_status":"closed","template":"","meta":{"footnotes":""},"class_list":["post-17","page","type-page","status-publish","hentry"],"_links":{"self":[{"href":"https:\/\/physio-osteo-sport.de\/index.php?rest_route=\/wp\/v2\/pages\/17","targetHints":{"allow":["GET"]}}],"collection":[{"href":"https:\/\/physio-osteo-sport.de\/index.php?rest_route=\/wp\/v2\/pages"}],"about":[{"href":"https:\/\/physio-osteo-sport.de\/index.php?rest_route=\/wp\/v2\/types\/page"}],"author":[{"embeddable":true,"href":"https:\/\/physio-osteo-sport.de\/index.php?rest_route=\/wp\/v2\/users\/1"}],"replies":[{"embeddable":true,"href":"https:\/\/physio-osteo-sport.de\/index.php?rest_route=%2Fwp%2Fv2%2Fcomments&post=17"}],"version-history":[{"count":12,"href":"https:\/\/physio-osteo-sport.de\/index.php?rest_route=\/wp\/v2\/pages\/17\/revisions"}],"predecessor-version":[{"id":429,"href":"https:\/\/physio-osteo-sport.de\/index.php?rest_route=\/wp\/v2\/pages\/17\/revisions\/429"}],"wp:attachment":[{"href":"https:\/\/physio-osteo-sport.de\/index.php?rest_route=%2Fwp%2Fv2%2Fmedia&parent=17"}],"curies":[{"name":"wp","href":"https:\/\/api.w.org\/{rel}","templated":true}]}}