{"id":23,"date":"2016-09-23T22:06:06","date_gmt":"2016-09-23T20:06:06","guid":{"rendered":"http:\/\/localhost\/wp-osteo\/?page_id=23"},"modified":"2016-12-31T15:58:35","modified_gmt":"2016-12-31T14:58:35","slug":"was-ist-das","status":"publish","type":"page","link":"https:\/\/physio-osteo-sport.de\/?page_id=23","title":{"rendered":"Eine Reise durch den K\u00f6rper"},"content":{"rendered":"<h5><strong>Weil der Mensch als ein Ganzes funktioniert<\/strong><\/h5>\n<p>Der Mensch wird aus Sicht der Osteopathie anf\u00e4lliger f\u00fcr Krankheiten, wenn die Beweglichkeit der verschiedenen K\u00f6rpersysteme gest\u00f6rt ist. Dies f\u00fchrt z.B. zur Verminderung der Zirkulation des Blutes und Lymphfl\u00fcssigkeit. Es k\u00f6nnen Abfallstoffe im K\u00f6rper zur\u00fcck bleiben und das Gleichgewicht des Stoffwechsels ver\u00e4ndern.<\/p>\n<p>Die Osteopathie ist eine eigenst\u00e4ndige medizinische Therapieform, in der Beweglichkeitsverluste verschiedenster Gewebe (Muskeln, Sehnen, Gef\u00e4\u00dfe, Nerven, Skelett, Sch\u00e4del)  und Funktionsst\u00f6rungen von Organstrukturen wieder in Einklang gebracht werden.<\/p>\n<div id=\"attachment_253\" style=\"width: 278px\" class=\"wp-caption alignleft\"><img loading=\"lazy\" decoding=\"async\" aria-describedby=\"caption-attachment-253\" class=\"wp-image-253\" src=\"http:\/\/physio-osteo-sport.de\/wp-content\/uploads\/2016\/09\/cranio-1-300x169.jpg\" width=\"268\" height=\"151\" srcset=\"https:\/\/physio-osteo-sport.de\/wp-content\/uploads\/2016\/09\/cranio-1-300x169.jpg 300w, https:\/\/physio-osteo-sport.de\/wp-content\/uploads\/2016\/09\/cranio-1-768x432.jpg 768w, https:\/\/physio-osteo-sport.de\/wp-content\/uploads\/2016\/09\/cranio-1-1024x576.jpg 1024w\" sizes=\"auto, (max-width: 268px) 100vw, 268px\" \/><p id=\"caption-attachment-253\" class=\"wp-caption-text\">Cranio-sacrale Osteopathie<\/p><\/div>\n<p>Untersuchung und Behandlung von Sch\u00e4del, Wirbels\u00e4ule und Becken.<br \/>\nDer Osteopath verringert die Spannungen der verschiedenen Gewebe und verbessert somit die Durchblutung des K\u00f6rpers, so dass die entstandenen Abfallstoffe besser abtransportiert werden und die Selbstheilungskr\u00e4fte des K\u00f6rpers angeregt werden.<\/p>\n<p>&nbsp;<\/p>\n<h5><strong>Unser K\u00f6rper \u2013 ein interaktives Ganzes<\/strong><\/h5>\n<p>Unsere K\u00f6rperbewegungen werden von Muskelketten ausgef\u00fchrt und nicht nur von einzelnen Muskeln. Wenn man sich dies verdeutlicht, ergibt sich daraus, dass z.B. ein Problem im Knie sich auf den Nacken auswirken kann, oder dass ein Beckenschiefstand eventuell Kopfschmerzen verursacht. So k\u00f6nnen auch Wirbelgelenke und Rippen durch Blockierungen (sympathische) Nerven von Organen einklemmen und dadurch die entsprechende Organfunktion, zum Beispiel des Herzens, st\u00f6ren.<br \/>\n\u201eDie Knochen, Muskeln, Sehnen und Organe k\u00f6nnen Position und Verlauf der Zellen sowie Lauf der K\u00f6rperfl\u00fcssigkeiten st\u00f6ren, genauso wie die Felsbl\u00f6cke im Flussbett den Lauf des Flusses beeinflussen.\u201c (A.T. Still,  Begr\u00fcnder der  Osteopathie)<\/p>\n<div id=\"attachment_256\" style=\"width: 310px\" class=\"wp-caption alignleft\"><img loading=\"lazy\" decoding=\"async\" aria-describedby=\"caption-attachment-256\" class=\"wp-image-256 size-medium\" src=\"http:\/\/physio-osteo-sport.de\/wp-content\/uploads\/2016\/09\/Abdomen-4-300x169.jpg\" width=\"300\" height=\"169\" srcset=\"https:\/\/physio-osteo-sport.de\/wp-content\/uploads\/2016\/09\/Abdomen-4-300x169.jpg 300w, https:\/\/physio-osteo-sport.de\/wp-content\/uploads\/2016\/09\/Abdomen-4-768x432.jpg 768w, https:\/\/physio-osteo-sport.de\/wp-content\/uploads\/2016\/09\/Abdomen-4-1024x576.jpg 1024w\" sizes=\"auto, (max-width: 300px) 100vw, 300px\" \/><p id=\"caption-attachment-256\" class=\"wp-caption-text\">Viszerale Osteopathie<\/p><\/div>\n<p>Viscerale Osteopathie: Untersuchung und Behandlung der Gewebe der inneren Organe mit Blut- und Lymphgef\u00e4\u00dfen.<br \/>\nDie Osteopathie konzentriert sich auf die ganzheitliche Funktionalit\u00e4t des menschlichen K\u00f6rpers. dessen Befinden von K\u00f6rper, Geist und Seele beeinflusst wird.<\/p>\n<p>&nbsp;<\/p>\n<h5><strong>M\u00f6gliche Indikationen<\/strong><\/h5>\n<p>\u2022 Chronische Gelenk-R\u00fcckenbeschwerden \u2022 Wiederkehrende Muskelverletzungen \u2022 Kopfschmerzen\/Migr\u00e4ne \u2022 Kiefergelenksst\u00f6rungen \u2022 Schwindelzust\u00e4nde; Tinnitus \u2022 Chronische Magen-Darmbeschwerden \u2022 Chronische Blasen-\/Prostataentz\u00fcndungen \u2022 Menstruationsbeschwerden<\/p>\n<h5><strong>Therapeutisches Vorgehen<\/strong><\/h5>\n<p>Der Therapeut untersucht mit seinen H\u00e4nden das  Gewebe des Bewegungsapparates, das Organ- und Nervensystem sowie das Bindewebe. Verk\u00fcrzungen, Verklebungen, Blockierungen oder Elastizit\u00e4tsverlust in diesen Bereichen k\u00f6nnen Beschwerden hervorrufen.<br \/>\nMit unterschiedlichen manuellen Behandlungstechniken (von sehr sanft bis intensiv), wird der Osteopath versuchen, die normalen Funktionen des K\u00f6rpers wieder zu st\u00e4rken und die Harmonie des Gesamtorganismus wieder her zu stellen.<\/p>\n<div id=\"attachment_254\" style=\"width: 302px\" class=\"wp-caption alignleft\"><img loading=\"lazy\" decoding=\"async\" aria-describedby=\"caption-attachment-254\" class=\"wp-image-254\" src=\"http:\/\/physio-osteo-sport.de\/wp-content\/uploads\/2016\/09\/WS-Sitz-4-300x169.jpg\" width=\"292\" height=\"165\" srcset=\"https:\/\/physio-osteo-sport.de\/wp-content\/uploads\/2016\/09\/WS-Sitz-4-300x169.jpg 300w, https:\/\/physio-osteo-sport.de\/wp-content\/uploads\/2016\/09\/WS-Sitz-4-768x432.jpg 768w, https:\/\/physio-osteo-sport.de\/wp-content\/uploads\/2016\/09\/WS-Sitz-4-1024x576.jpg 1024w\" sizes=\"auto, (max-width: 292px) 100vw, 292px\" \/><p id=\"caption-attachment-254\" class=\"wp-caption-text\">Parietale Osteopathie<\/p><\/div>\n<p>Parietale Osteopathie:  Untersuchung und Behandlung des Bewegungsapparates (Wirbels\u00e4ule und Gelenke)<\/p>\n","protected":false},"excerpt":{"rendered":"<p>Weil der Mensch als ein Ganzes funktioniert Der Mensch wird aus Sicht der Osteopathie anf\u00e4lliger f\u00fcr Krankheiten, wenn die Beweglichkeit der verschiedenen K\u00f6rpersysteme gest\u00f6rt ist. Dies f\u00fchrt z.B. zur Verminderung der Zirkulation des Blutes und Lymphfl\u00fcssigkeit. Es k\u00f6nnen Abfallstoffe im K\u00f6rper zur\u00fcck bleiben und das Gleichgewicht des Stoffwechsels ver\u00e4ndern. Die Osteopathie ist eine eigenst\u00e4ndige medizinische [&hellip;]<\/p>\n","protected":false},"author":1,"featured_media":0,"parent":15,"menu_order":0,"comment_status":"closed","ping_status":"closed","template":"","meta":{"footnotes":""},"class_list":["post-23","page","type-page","status-publish","hentry"],"_links":{"self":[{"href":"https:\/\/physio-osteo-sport.de\/index.php?rest_route=\/wp\/v2\/pages\/23","targetHints":{"allow":["GET"]}}],"collection":[{"href":"https:\/\/physio-osteo-sport.de\/index.php?rest_route=\/wp\/v2\/pages"}],"about":[{"href":"https:\/\/physio-osteo-sport.de\/index.php?rest_route=\/wp\/v2\/types\/page"}],"author":[{"embeddable":true,"href":"https:\/\/physio-osteo-sport.de\/index.php?rest_route=\/wp\/v2\/users\/1"}],"replies":[{"embeddable":true,"href":"https:\/\/physio-osteo-sport.de\/index.php?rest_route=%2Fwp%2Fv2%2Fcomments&post=23"}],"version-history":[{"count":12,"href":"https:\/\/physio-osteo-sport.de\/index.php?rest_route=\/wp\/v2\/pages\/23\/revisions"}],"predecessor-version":[{"id":273,"href":"https:\/\/physio-osteo-sport.de\/index.php?rest_route=\/wp\/v2\/pages\/23\/revisions\/273"}],"up":[{"embeddable":true,"href":"https:\/\/physio-osteo-sport.de\/index.php?rest_route=\/wp\/v2\/pages\/15"}],"wp:attachment":[{"href":"https:\/\/physio-osteo-sport.de\/index.php?rest_route=%2Fwp%2Fv2%2Fmedia&parent=23"}],"curies":[{"name":"wp","href":"https:\/\/api.w.org\/{rel}","templated":true}]}}